{"id":20132,"date":"2020-03-02T10:27:05","date_gmt":"2020-03-02T10:27:05","guid":{"rendered":"https:\/\/kibrisreal.estate\/index.php\/iletisim\/"},"modified":"2025-11-02T11:27:20","modified_gmt":"2025-11-02T11:27:20","slug":"iletisim","status":"publish","type":"page","link":"https:\/\/kibrisreal.estate\/tr\/index.php\/iletisim\/","title":{"rendered":"\u0130leti\u015fim"},"content":{"rendered":"\t\t<div data-elementor-type=\"wp-page\" data-elementor-id=\"20132\" class=\"elementor elementor-20132 elementor-16941\">\n\t\t\t\t<div class=\"elementor-element elementor-element-92dee31 e-flex e-con-boxed elementor-invisible e-con e-parent\" data-id=\"92dee31\" data-element_type=\"container\" data-settings=\"{&quot;animation&quot;:&quot;fadeIn&quot;}\">\n\t\t\t\t\t<div class=\"e-con-inner\">\n\t\t<div class=\"elementor-element elementor-element-85492dc e-con-full e-flex e-con e-child\" data-id=\"85492dc\" data-element_type=\"container\">\n\t\t<div class=\"elementor-element elementor-element-b44edf4 e-con-full e-flex e-con e-child\" data-id=\"b44edf4\" data-element_type=\"container\">\n\t\t\t\t<div class=\"elementor-element elementor-element-15379e9 elementor-widget elementor-widget-houzez-property-breadcrumb\" data-id=\"15379e9\" data-element_type=\"widget\" data-widget_type=\"houzez-property-breadcrumb.default\">\n\t\t\t\t<div class=\"elementor-widget-container\">\n\t\t\t\t\t<div class=\"breadcrumb-wrap\"><ol class=\"breadcrumb\"><li class=\"breadcrumb-item breadcrumb-item-home\"><i class=\"houzez-icon icon-house\"><\/i><a href=\"https:\/\/kibrisreal.estate\/tr\/\/\">Ev<\/a><\/li><li class=\"breadcrumb-item active\">Sayfalar<\/li><\/ol><\/div>\t\t\t\t<\/div>\n\t\t\t\t<\/div>\n\t\t\t\t<div class=\"elementor-element elementor-element-ea2ad7b elementor-invisible elementor-widget elementor-widget-heading\" data-id=\"ea2ad7b\" data-element_type=\"widget\" data-settings=\"{&quot;_animation&quot;:&quot;fadeIn&quot;}\" data-widget_type=\"heading.default\">\n\t\t\t\t\t<h2 class=\"elementor-heading-title elementor-size-default\">Bizimle \u0130leti\u015fime ge\u00e7in<\/h2>\t\t\t\t<\/div>\n\t\t\t\t<div class=\"elementor-element elementor-element-aaaef33 elementor-widget elementor-widget-text-editor\" data-id=\"aaaef33\" data-element_type=\"widget\" data-widget_type=\"text-editor.default\">\n\t\t\t\t\t\t\t\t\t<p><strong data-start=\"158\" data-end=\"176\">Adresimiz<\/strong><\/p><hr><p><strong>Arrdream Agency LLC.<\/strong><\/p><div class=\"element-wrapper first\" data-v-33e34930=\"\" data-v-1b7ab7c9=\"\"><div class=\"element-description\" data-v-33e34930=\"\">30 N Gould St Ste N, Sheridan, WY 82801<\/div><div class=\"element-description\" data-v-33e34930=\"\">Amerika Birle\u015fik Devletleri<\/div><\/div>\t\t\t\t\t\t\t\t<\/div>\n\t\t\t\t<div class=\"elementor-element elementor-element-9b698d9 elementor-widget elementor-widget-text-editor\" data-id=\"9b698d9\" data-element_type=\"widget\" data-widget_type=\"text-editor.default\">\n\t\t\t\t\t\t\t\t\t<p data-start=\"353\" data-end=\"464\"><strong data-start=\"353\" data-end=\"369\">\u00c7al\u0131\u015fma Saatleri<\/strong><\/p><hr><br data-start=\"369\" data-end=\"372\">Pazartesi &#8211; Cuma: <strong>10:00 AM \u2013 6:00 PM<\/strong><br data-start=\"410\" data-end=\"413\">Cumartesi: <strong>10:00 AM \u2013 3:00 PM<\/strong><br data-start=\"444\" data-end=\"447\">Pazartesi: Sevdiklerimiz ileyiz (:\t\t\t\t\t\t\t\t<\/div>\n\t\t\t\t<div class=\"elementor-element elementor-element-9dc5f05 elementor-widget elementor-widget-text-editor\" data-id=\"9dc5f05\" data-element_type=\"widget\" data-widget_type=\"text-editor.default\">\n\t\t\t\t\t\t\t\t\t<p data-start=\"353\" data-end=\"464\"><strong data-start=\"353\" data-end=\"369\">Bizi Aray\u0131n<\/strong><\/p><hr><br data-start=\"369\" data-end=\"372\"><strong>ABD:<\/strong> +1 (914) 392-6696\n<p data-start=\"353\" data-end=\"464\"><strong>T\u00fcrkiye &amp; KKTC:<\/strong> +90 543 832 8388<\/p>\t\t\t\t\t\t\t\t<\/div>\n\t\t\t\t<div class=\"elementor-element elementor-element-ca1eb41 elementor-widget elementor-widget-text-editor\" data-id=\"ca1eb41\" data-element_type=\"widget\" data-widget_type=\"text-editor.default\">\n\t\t\t\t\t\t\t\t\t<p data-start=\"353\" data-end=\"464\"><strong data-start=\"353\" data-end=\"369\">E-Posta At\u0131n<\/strong><\/p><hr><br data-start=\"369\" data-end=\"372\"><a href=\"mailto:hello@arrdream.com\">hello@arrdream.com<\/a>\t\t\t\t\t\t\t\t<\/div>\n\t\t\t\t<\/div>\n\t\t<div class=\"elementor-element elementor-element-784c5f2 e-con-full e-flex e-con e-child\" data-id=\"784c5f2\" data-element_type=\"container\">\n\t\t<div class=\"elementor-element elementor-element-714cdc3 e-con-full e-flex e-con e-child\" data-id=\"714cdc3\" data-element_type=\"container\" data-settings=\"{&quot;background_background&quot;:&quot;classic&quot;}\">\n\t\t\t\t<div class=\"elementor-element elementor-element-0db0971 elementor-widget elementor-widget-google_maps\" data-id=\"0db0971\" data-element_type=\"widget\" data-widget_type=\"google_maps.default\">\n\t\t\t\t\t\t\t<div class=\"elementor-custom-embed\">\n\t\t\t<iframe loading=\"lazy\"\n\t\t\t\t\tsrc=\"https:\/\/maps.google.com\/maps?q=30%20N%20Gould%20St%20Ste%20N%2C%20Sheridan%2C%20WY%2082801%20USA&#038;t=m&#038;z=10&#038;output=embed&#038;iwloc=near\"\n\t\t\t\t\ttitle=\"30 N Gould St Ste N, Sheridan, WY 82801 USA\"\n\t\t\t\t\taria-label=\"30 N Gould St Ste N, Sheridan, WY 82801 USA\"\n\t\t\t><\/iframe>\n\t\t<\/div>\n\t\t\t\t\t\t<\/div>\n\t\t\t\t<\/div>\n\t\t\t\t<\/div>\n\t\t\t\t<\/div>\n\t\t\t\t\t<\/div>\n\t\t\t\t<\/div>\n\t\t<div class=\"elementor-element elementor-element-921f946 e-flex e-con-boxed e-con e-parent\" data-id=\"921f946\" data-element_type=\"container\">\n\t\t\t\t\t<div class=\"e-con-inner\">\n\t\t<div class=\"elementor-element elementor-element-2aca562 e-con-full e-flex e-con e-child\" data-id=\"2aca562\" data-element_type=\"container\" data-settings=\"{&quot;background_background&quot;:&quot;classic&quot;}\">\n\t\t<div class=\"elementor-element elementor-element-a6397e3 e-con-full e-flex e-con e-child\" data-id=\"a6397e3\" data-element_type=\"container\">\n\t\t<div class=\"elementor-element elementor-element-33b9ff7 e-con-full e-flex e-con e-child\" data-id=\"33b9ff7\" data-element_type=\"container\">\n\t\t\t\t<div class=\"elementor-element elementor-element-cfb566b elementor-invisible elementor-widget elementor-widget-heading\" data-id=\"cfb566b\" data-element_type=\"widget\" data-settings=\"{&quot;_animation&quot;:&quot;fadeIn&quot;}\" data-widget_type=\"heading.default\">\n\t\t\t\t\t<h2 class=\"elementor-heading-title elementor-size-default\">SSS<\/h2>\t\t\t\t<\/div>\n\t\t\t\t<div class=\"elementor-element elementor-element-826188f elementor-widget elementor-widget-text-editor\" data-id=\"826188f\" data-element_type=\"widget\" data-widget_type=\"text-editor.default\">\n\t\t\t\t\t\t\t\t\t<p>Emlak s\u00fcrecinin bir\u00e7ok soruyu da beraberinde getirdi\u011fini biliyoruz. Bu nedenle s\u00fcreci daha iyi anlaman\u0131z ve her ad\u0131mda bilin\u00e7li kararlar verebilmeniz i\u00e7in a\u00e7\u0131k ve d\u00fcr\u00fcst yan\u0131tlar\u0131 bir araya getirdik.<\/p>\t\t\t\t\t\t\t\t<\/div>\n\t\t\t\t<div class=\"elementor-element elementor-element-d6805b3 elementor-widget elementor-widget-spacer\" data-id=\"d6805b3\" data-element_type=\"widget\" data-widget_type=\"spacer.default\">\n\t\t\t\t\t\t\t<div class=\"elementor-spacer\">\n\t\t\t<div class=\"elementor-spacer-inner\"><\/div>\n\t\t<\/div>\n\t\t\t\t\t\t<\/div>\n\t\t\t\t<\/div>\n\t\t<div class=\"elementor-element elementor-element-9e56ad9 e-con-full e-flex e-con e-child\" data-id=\"9e56ad9\" data-element_type=\"container\">\n\t\t\t\t<div class=\"elementor-element elementor-element-d6257b3 elementor-widget elementor-widget-accordion\" data-id=\"d6257b3\" data-element_type=\"widget\" data-widget_type=\"accordion.default\">\n\t\t\t\t\t\t\t<div class=\"elementor-accordion\">\n\t\t\t\t\t\t\t<div class=\"elementor-accordion-item\">\n\t\t\t\t\t<div id=\"elementor-tab-title-2241\" class=\"elementor-tab-title\" data-tab=\"1\" role=\"button\" aria-controls=\"elementor-tab-content-2241\" aria-expanded=\"false\">\n\t\t\t\t\t\t\t\t\t\t\t\t\t<span class=\"elementor-accordion-icon elementor-accordion-icon-right\" aria-hidden=\"true\">\n\t\t\t\t\t\t\t\t\t\t\t\t\t\t\t<span class=\"elementor-accordion-icon-closed\"><svg class=\"e-font-icon-svg e-fas-plus\" viewBox=\"0 0 448 512\" xmlns=\"http:\/\/www.w3.org\/2000\/svg\"><path d=\"M416 208H272V64c0-17.67-14.33-32-32-32h-32c-17.67 0-32 14.33-32 32v144H32c-17.67 0-32 14.33-32 32v32c0 17.67 14.33 32 32 32h144v144c0 17.67 14.33 32 32 32h32c17.67 0 32-14.33 32-32V304h144c17.67 0 32-14.33 32-32v-32c0-17.67-14.33-32-32-32z\"><\/path><\/svg><\/span>\n\t\t\t\t\t\t\t\t<span class=\"elementor-accordion-icon-opened\"><svg class=\"e-font-icon-svg e-fas-minus\" viewBox=\"0 0 448 512\" xmlns=\"http:\/\/www.w3.org\/2000\/svg\"><path d=\"M416 208H32c-17.67 0-32 14.33-32 32v32c0 17.67 14.33 32 32 32h384c17.67 0 32-14.33 32-32v-32c0-17.67-14.33-32-32-32z\"><\/path><\/svg><\/span>\n\t\t\t\t\t\t\t\t\t\t\t\t\t\t<\/span>\n\t\t\t\t\t\t\t\t\t\t\t\t<a class=\"elementor-accordion-title\" tabindex=\"0\">M\u00fclk sat\u0131n alma s\u00fcrecinde hangi hizmetleri sunuyorsunuz?<\/a>\n\t\t\t\t\t<\/div>\n\t\t\t\t\t<div id=\"elementor-tab-content-2241\" class=\"elementor-tab-content elementor-clearfix\" data-tab=\"1\" role=\"region\" aria-labelledby=\"elementor-tab-title-2241\"><p>L\u00fcks m\u00fclk sat\u0131n alma s\u00fcrecinde ki\u015fiye \u00f6zel dan\u0131\u015fmanl\u0131k sunuyoruz. Buna \u00f6zel m\u00fclk aramalar\u0131, m\u00fczakere deste\u011fi ve avukatlar ile noterler gibi sekt\u00f6r profesyonelleriyle ba\u011flant\u0131 dahil olmak \u00fczere sat\u0131n alma s\u00fcrecinin her a\u015famas\u0131nda kapsaml\u0131 destek dahildir.<\/p>\n<\/div>\n\t\t\t\t<\/div>\n\t\t\t\t\t\t\t<div class=\"elementor-accordion-item\">\n\t\t\t\t\t<div id=\"elementor-tab-title-2242\" class=\"elementor-tab-title\" data-tab=\"2\" role=\"button\" aria-controls=\"elementor-tab-content-2242\" aria-expanded=\"false\">\n\t\t\t\t\t\t\t\t\t\t\t\t\t<span class=\"elementor-accordion-icon elementor-accordion-icon-right\" aria-hidden=\"true\">\n\t\t\t\t\t\t\t\t\t\t\t\t\t\t\t<span class=\"elementor-accordion-icon-closed\"><svg class=\"e-font-icon-svg e-fas-plus\" viewBox=\"0 0 448 512\" xmlns=\"http:\/\/www.w3.org\/2000\/svg\"><path d=\"M416 208H272V64c0-17.67-14.33-32-32-32h-32c-17.67 0-32 14.33-32 32v144H32c-17.67 0-32 14.33-32 32v32c0 17.67 14.33 32 32 32h144v144c0 17.67 14.33 32 32 32h32c17.67 0 32-14.33 32-32V304h144c17.67 0 32-14.33 32-32v-32c0-17.67-14.33-32-32-32z\"><\/path><\/svg><\/span>\n\t\t\t\t\t\t\t\t<span class=\"elementor-accordion-icon-opened\"><svg class=\"e-font-icon-svg e-fas-minus\" viewBox=\"0 0 448 512\" xmlns=\"http:\/\/www.w3.org\/2000\/svg\"><path d=\"M416 208H32c-17.67 0-32 14.33-32 32v32c0 17.67 14.33 32 32 32h384c17.67 0 32-14.33 32-32v-32c0-17.67-14.33-32-32-32z\"><\/path><\/svg><\/span>\n\t\t\t\t\t\t\t\t\t\t\t\t\t\t<\/span>\n\t\t\t\t\t\t\t\t\t\t\t\t<a class=\"elementor-accordion-title\" tabindex=\"0\">M\u00fclk\u00fcm\u00fc web sitenize nas\u0131l ekleyebilirim?<\/a>\n\t\t\t\t\t<\/div>\n\t\t\t\t\t<div id=\"elementor-tab-content-2242\" class=\"elementor-tab-content elementor-clearfix\" data-tab=\"2\" role=\"region\" aria-labelledby=\"elementor-tab-title-2242\"><p>Uzmanlar\u0131m\u0131zdan biriyle randevu olu\u015fturmak i\u00e7in bizimle do\u011frudan ileti\u015fim formumuz \u00fczerinden ya da telefonla ileti\u015fime ge\u00e7ebilirsiniz. M\u00fclk\u00fcn\u00fcz\u00fc de\u011ferlendirir ve en iyi getiriyi elde etmenizi sa\u011flamak i\u00e7in size \u00f6zel bir pazarlama stratejisi olu\u015ftururuz.<\/p>\n<\/div>\n\t\t\t\t<\/div>\n\t\t\t\t\t\t\t<div class=\"elementor-accordion-item\">\n\t\t\t\t\t<div id=\"elementor-tab-title-2243\" class=\"elementor-tab-title\" data-tab=\"3\" role=\"button\" aria-controls=\"elementor-tab-content-2243\" aria-expanded=\"false\">\n\t\t\t\t\t\t\t\t\t\t\t\t\t<span class=\"elementor-accordion-icon elementor-accordion-icon-right\" aria-hidden=\"true\">\n\t\t\t\t\t\t\t\t\t\t\t\t\t\t\t<span class=\"elementor-accordion-icon-closed\"><svg class=\"e-font-icon-svg e-fas-plus\" viewBox=\"0 0 448 512\" xmlns=\"http:\/\/www.w3.org\/2000\/svg\"><path d=\"M416 208H272V64c0-17.67-14.33-32-32-32h-32c-17.67 0-32 14.33-32 32v144H32c-17.67 0-32 14.33-32 32v32c0 17.67 14.33 32 32 32h144v144c0 17.67 14.33 32 32 32h32c17.67 0 32-14.33 32-32V304h144c17.67 0 32-14.33 32-32v-32c0-17.67-14.33-32-32-32z\"><\/path><\/svg><\/span>\n\t\t\t\t\t\t\t\t<span class=\"elementor-accordion-icon-opened\"><svg class=\"e-font-icon-svg e-fas-minus\" viewBox=\"0 0 448 512\" xmlns=\"http:\/\/www.w3.org\/2000\/svg\"><path d=\"M416 208H32c-17.67 0-32 14.33-32 32v32c0 17.67 14.33 32 32 32h384c17.67 0 32-14.33 32-32v-32c0-17.67-14.33-32-32-32z\"><\/path><\/svg><\/span>\n\t\t\t\t\t\t\t\t\t\t\t\t\t\t<\/span>\n\t\t\t\t\t\t\t\t\t\t\t\t<a class=\"elementor-accordion-title\" tabindex=\"0\">Emlak y\u00f6netimi hizmetleri sunuyor musunuz?<\/a>\n\t\t\t\t\t<\/div>\n\t\t\t\t\t<div id=\"elementor-tab-content-2243\" class=\"elementor-tab-content elementor-clearfix\" data-tab=\"3\" role=\"region\" aria-labelledby=\"elementor-tab-title-2243\"><p>Evet, l\u00fcks konutlar i\u00e7in kapsaml\u0131 emlak y\u00f6netimi hizmetleri sunuyoruz. Bu hizmetler aras\u0131nda bak\u0131m, kira y\u00f6netimi ve g\u00fcnl\u00fck operasyonlar\u0131n denetimi yer al\u0131r; b\u00f6ylece yat\u0131r\u0131m\u0131n\u0131z her zaman en iyi durumda kal\u0131r.<\/p>\n<\/div>\n\t\t\t\t<\/div>\n\t\t\t\t\t\t\t<div class=\"elementor-accordion-item\">\n\t\t\t\t\t<div id=\"elementor-tab-title-2244\" class=\"elementor-tab-title\" data-tab=\"4\" role=\"button\" aria-controls=\"elementor-tab-content-2244\" aria-expanded=\"false\">\n\t\t\t\t\t\t\t\t\t\t\t\t\t<span class=\"elementor-accordion-icon elementor-accordion-icon-right\" aria-hidden=\"true\">\n\t\t\t\t\t\t\t\t\t\t\t\t\t\t\t<span class=\"elementor-accordion-icon-closed\"><svg class=\"e-font-icon-svg e-fas-plus\" viewBox=\"0 0 448 512\" xmlns=\"http:\/\/www.w3.org\/2000\/svg\"><path d=\"M416 208H272V64c0-17.67-14.33-32-32-32h-32c-17.67 0-32 14.33-32 32v144H32c-17.67 0-32 14.33-32 32v32c0 17.67 14.33 32 32 32h144v144c0 17.67 14.33 32 32 32h32c17.67 0 32-14.33 32-32V304h144c17.67 0 32-14.33 32-32v-32c0-17.67-14.33-32-32-32z\"><\/path><\/svg><\/span>\n\t\t\t\t\t\t\t\t<span class=\"elementor-accordion-icon-opened\"><svg class=\"e-font-icon-svg e-fas-minus\" viewBox=\"0 0 448 512\" xmlns=\"http:\/\/www.w3.org\/2000\/svg\"><path d=\"M416 208H32c-17.67 0-32 14.33-32 32v32c0 17.67 14.33 32 32 32h384c17.67 0 32-14.33 32-32v-32c0-17.67-14.33-32-32-32z\"><\/path><\/svg><\/span>\n\t\t\t\t\t\t\t\t\t\t\t\t\t\t<\/span>\n\t\t\t\t\t\t\t\t\t\t\t\t<a class=\"elementor-accordion-title\" tabindex=\"0\">Bir m\u00fclk sat\u0131n alman\u0131n avantajlar\u0131 nelerdir?<\/a>\n\t\t\t\t\t<\/div>\n\t\t\t\t\t<div id=\"elementor-tab-content-2244\" class=\"elementor-tab-content elementor-clearfix\" data-tab=\"4\" role=\"region\" aria-labelledby=\"elementor-tab-title-2244\"><p>Bu b\u00f6lgelerde m\u00fclk sat\u0131n almak, prestiji y\u00fcksek ve talep g\u00f6ren lokasyonlara yat\u0131r\u0131m yapmak anlam\u0131na gelir; l\u00fcks, g\u00fcvenlik ve y\u00fcksek ya\u015fam kalitesini benzersiz bir \u015fekilde bir araya sunar. Bu b\u00f6lgeler, do\u011fal g\u00fczellikleri, \u00f6zel ayr\u0131cal\u0131klar\u0131 ve y\u00fcksek m\u00fclk de\u011feri koruma potansiyeli ile bilinir.<\/p>\n<\/div>\n\t\t\t\t<\/div>\n\t\t\t\t\t\t\t<div class=\"elementor-accordion-item\">\n\t\t\t\t\t<div id=\"elementor-tab-title-2245\" class=\"elementor-tab-title\" data-tab=\"5\" role=\"button\" aria-controls=\"elementor-tab-content-2245\" aria-expanded=\"false\">\n\t\t\t\t\t\t\t\t\t\t\t\t\t<span class=\"elementor-accordion-icon elementor-accordion-icon-right\" aria-hidden=\"true\">\n\t\t\t\t\t\t\t\t\t\t\t\t\t\t\t<span class=\"elementor-accordion-icon-closed\"><svg class=\"e-font-icon-svg e-fas-plus\" viewBox=\"0 0 448 512\" xmlns=\"http:\/\/www.w3.org\/2000\/svg\"><path d=\"M416 208H272V64c0-17.67-14.33-32-32-32h-32c-17.67 0-32 14.33-32 32v144H32c-17.67 0-32 14.33-32 32v32c0 17.67 14.33 32 32 32h144v144c0 17.67 14.33 32 32 32h32c17.67 0 32-14.33 32-32V304h144c17.67 0 32-14.33 32-32v-32c0-17.67-14.33-32-32-32z\"><\/path><\/svg><\/span>\n\t\t\t\t\t\t\t\t<span class=\"elementor-accordion-icon-opened\"><svg class=\"e-font-icon-svg e-fas-minus\" viewBox=\"0 0 448 512\" xmlns=\"http:\/\/www.w3.org\/2000\/svg\"><path d=\"M416 208H32c-17.67 0-32 14.33-32 32v32c0 17.67 14.33 32 32 32h384c17.67 0 32-14.33 32-32v-32c0-17.67-14.33-32-32-32z\"><\/path><\/svg><\/span>\n\t\t\t\t\t\t\t\t\t\t\t\t\t\t<\/span>\n\t\t\t\t\t\t\t\t\t\t\t\t<a class=\"elementor-accordion-title\" tabindex=\"0\">\u0130lgilendi\u011fim bir m\u00fclk i\u00e7in sanal tur d\u00fczenleyebilir miyim?<\/a>\n\t\t\t\t\t<\/div>\n\t\t\t\t\t<div id=\"elementor-tab-content-2245\" class=\"elementor-tab-content elementor-clearfix\" data-tab=\"5\" role=\"region\" aria-labelledby=\"elementor-tab-title-2245\"><p>Kesinlikle. Her m\u00fclk i\u00e7in detayl\u0131 ve ki\u015fiye \u00f6zel sanal turlar sunuyoruz; b\u00f6ylece evleri d\u00fcnyan\u0131n herhangi bir yerinden ke\u015ffedebilirsiniz. Sanal tur randevusu olu\u015fturmak i\u00e7in bizimle ileti\u015fime ge\u00e7in.<\/p>\n<\/div>\n\t\t\t\t<\/div>\n\t\t\t\t\t\t\t\t<\/div>\n\t\t\t\t\t\t<\/div>\n\t\t\t\t<\/div>\n\t\t\t\t<\/div>\n\t\t\t\t<\/div>\n\t\t\t\t\t<\/div>\n\t\t\t\t<\/div>\n\t\t\t\t<\/div>\n\t\t","protected":false},"excerpt":{"rendered":"<p>Bizimle \u0130leti\u015fime ge\u00e7in Adresimiz Arrdream Agency LLC. 30 N Gould St Ste N, Sheridan, WY 82801Amerika Birle\u015fik Devletleri \u00c7al\u0131\u015fma Saatleri Pazartesi &#8211; Cuma: 10:00 AM \u2013 6:00 PMCumartesi: 10:00 AM \u2013 3:00 PMPazartesi: Sevdiklerimiz ileyiz (: Bizi Aray\u0131n ABD: +1 (914) 392-6696 T\u00fcrkiye &amp; KKTC: +90 543 832 8388 E-Posta At\u0131n hello@arrdream.com SSS Emlak s\u00fcrecinin [&hellip;]<\/p>\n","protected":false},"author":1,"featured_media":0,"parent":0,"menu_order":0,"comment_status":"closed","ping_status":"closed","template":"template\/template-homepage.php","meta":{"_monsterinsights_skip_tracking":false,"_monsterinsights_sitenote_active":false,"_monsterinsights_sitenote_note":"","_monsterinsights_sitenote_category":0,"footnotes":""},"class_list":["post-20132","page","type-page","status-publish","hentry"],"aioseo_notices":[],"_links":{"self":[{"href":"https:\/\/kibrisreal.estate\/tr\/index.php\/wp-json\/wp\/v2\/pages\/20132","targetHints":{"allow":["GET"]}}],"collection":[{"href":"https:\/\/kibrisreal.estate\/tr\/index.php\/wp-json\/wp\/v2\/pages"}],"about":[{"href":"https:\/\/kibrisreal.estate\/tr\/index.php\/wp-json\/wp\/v2\/types\/page"}],"author":[{"embeddable":true,"href":"https:\/\/kibrisreal.estate\/tr\/index.php\/wp-json\/wp\/v2\/users\/1"}],"replies":[{"embeddable":true,"href":"https:\/\/kibrisreal.estate\/tr\/index.php\/wp-json\/wp\/v2\/comments?post=20132"}],"version-history":[{"count":1,"href":"https:\/\/kibrisreal.estate\/tr\/index.php\/wp-json\/wp\/v2\/pages\/20132\/revisions"}],"predecessor-version":[{"id":20133,"href":"https:\/\/kibrisreal.estate\/tr\/index.php\/wp-json\/wp\/v2\/pages\/20132\/revisions\/20133"}],"wp:attachment":[{"href":"https:\/\/kibrisreal.estate\/tr\/index.php\/wp-json\/wp\/v2\/media?parent=20132"}],"curies":[{"name":"wp","href":"https:\/\/api.w.org\/{rel}","templated":true}]}}