{"id":20117,"date":"2020-02-18T11:55:45","date_gmt":"2020-02-18T11:55:45","guid":{"rendered":"https:\/\/kibrisreal.estate\/index.php\/partnerlerimiz\/"},"modified":"2025-11-02T10:42:48","modified_gmt":"2025-11-02T10:42:48","slug":"partnerlerimiz","status":"publish","type":"page","link":"https:\/\/kibrisreal.estate\/tr\/index.php\/partnerlerimiz\/","title":{"rendered":"Partnerlerimiz"},"content":{"rendered":"\t\t<div data-elementor-type=\"wp-page\" data-elementor-id=\"20117\" class=\"elementor elementor-20117 elementor-56\">\n\t\t\t\t<div class=\"elementor-element elementor-element-50eec2d e-flex e-con-boxed e-con e-parent\" data-id=\"50eec2d\" data-element_type=\"container\">\n\t\t\t\t\t<div class=\"e-con-inner\">\n\t\t<div class=\"elementor-element elementor-element-f5c615e e-con-full e-flex e-con e-child\" data-id=\"f5c615e\" data-element_type=\"container\" data-settings=\"{&quot;background_background&quot;:&quot;classic&quot;}\">\n\t\t<div class=\"elementor-element elementor-element-400ce7c e-con-full e-flex e-con e-child\" data-id=\"400ce7c\" data-element_type=\"container\">\n\t\t\t\t<div class=\"elementor-element elementor-element-a754b62 elementor-widget elementor-widget-houzez-property-breadcrumb\" data-id=\"a754b62\" data-element_type=\"widget\" data-widget_type=\"houzez-property-breadcrumb.default\">\n\t\t\t\t<div class=\"elementor-widget-container\">\n\t\t\t\t\t<div class=\"breadcrumb-wrap\"><ol class=\"breadcrumb\"><li class=\"breadcrumb-item breadcrumb-item-home\"><i class=\"houzez-icon icon-house\"><\/i><a href=\"https:\/\/kibrisreal.estate\/tr\/\/\">Ev<\/a><\/li><li class=\"breadcrumb-item active\">Sayfalar<\/li><\/ol><\/div>\t\t\t\t<\/div>\n\t\t\t\t<\/div>\n\t\t\t\t<div class=\"elementor-element elementor-element-b75212a elementor-widget elementor-widget-heading\" data-id=\"b75212a\" data-element_type=\"widget\" data-widget_type=\"heading.default\">\n\t\t\t\t\t<h1 class=\"elementor-heading-title elementor-size-default\">Partnerlerimiz<\/h1>\t\t\t\t<\/div>\n\t\t\t\t<div class=\"elementor-element elementor-element-010fea2 elementor-widget elementor-widget-text-editor\" data-id=\"010fea2\" data-element_type=\"widget\" data-widget_type=\"text-editor.default\">\n\t\t\t\t\t\t\t\t\t<p>Biz sadece bir pertnerler toplulu\u011fu de\u011filiz \u2014 size g\u00fcven veren, bilin\u00e7li ve emin emlak kararlar\u0131 alman\u0131z i\u00e7in yan\u0131n\u0131zda olan g\u00fcvenilir rehberleriz. Y\u0131llara dayanan tecr\u00fcbemizle, her sat\u0131n alma, sat\u0131\u015f veya yat\u0131r\u0131m s\u00fcrecini sorunsuz, stratejik ve stresten uzak hale getirmekte uzman\u0131z.<\/p>\t\t\t\t\t\t\t\t<\/div>\n\t\t\t\t<\/div>\n\t\t<div class=\"elementor-element elementor-element-d8a09aa e-con-full e-flex e-con e-child\" data-id=\"d8a09aa\" data-element_type=\"container\">\n\t\t\t\t<div class=\"elementor-element elementor-element-613be33 elementor-widget elementor-widget-houzez_elementor_agents_grid\" data-id=\"613be33\" data-element_type=\"widget\" data-widget_type=\"houzez_elementor_agents_grid.default\">\n\t\t\t\t<div class=\"elementor-widget-container\">\n\t\t\t\t\t\n        <div class=\"agent-v3-grid-module agents-grid-view row row-cols-1 row-cols-md-2 row-cols-lg-3 row-cols-xl-3 g-3\">\n\n            <article class=\"agent-grid-container\" id=\"150\">\n\t<div class=\"agent-grid-wrap agent-grid-wrap-v2\">\t\n\t\t<header class=\"agent-grid-image-wrap text-center\">\n\t\t\t<a class=\"agent-grid-image d-block\" href=\"https:\/\/kibrisreal.estate\/tr\/index.php\/agent\/vincent-fuller\/\">\n\t\t\t\t<img fetchpriority=\"high\" decoding=\"async\" width=\"780\" height=\"780\" src=\"https:\/\/kibrisreal.estate\/wp-content\/uploads\/2024\/09\/agent-03-780x780.jpg\" class=\"img-fluid wp-post-image\" alt=\"\" srcset=\"https:\/\/kibrisreal.estate\/wp-content\/uploads\/2024\/09\/agent-03-780x780.jpg 780w, https:\/\/kibrisreal.estate\/wp-content\/uploads\/2024\/09\/agent-03.jpg 1000w\" sizes=\"(max-width: 780px) 100vw, 780px\" \/>\t\t\t\t\n<span class=\"badge btn-secondary agent-verified-badge\">\n    <i class=\"houzez-icon icon-check-circle-1 me-1\"><\/i> Verified<\/span> \n\n\t\t\t\t\t\t\t<\/a>\n\t\t\t<h2 class=\"mt-4 mb-1\"><a href=\"https:\/\/kibrisreal.estate\/tr\/index.php\/agent\/vincent-fuller\/\">Patricia Fuller<\/a><\/h2>\n\t\t\t\t\t\t<div class=\"agent-list-position mb-3\" role=\"text\">Real Estate Agent<\/div>\n\t\t\t\t\t<\/header>\n\t\t<div class=\"agent-grid-content-wrap text-center p-3\">\n\t\t\t<ul class=\"agent-list-contact list-unstyled\">\n\t\t\t\t\t\t\t\t<li class=\"agent-listings-count\">\u00d6zellikleri: <strong>2<\/strong><\/li>\n\t\t\t\t\n\t\t\t\t\t\t\t\t<li class=\"agent-languages-list\">Dil: <strong>English, Spanish, French<\/strong><\/li>\n\t\t\t\t\t\t\t<\/ul>\n\t\t\t<a class=\"btn btn-primary-outlined w-100\" href=\"https:\/\/kibrisreal.estate\/tr\/index.php\/agent\/vincent-fuller\/\" role=\"button\">\n\t\t\t\tProfili G\u00f6r\u00fcnt\u00fcle<\/a>\n\t\t<\/div>\n\t<\/div>\n<\/article><article class=\"agent-grid-container\" id=\"19172\">\n\t<div class=\"agent-grid-wrap agent-grid-wrap-v2\">\t\n\t\t<header class=\"agent-grid-image-wrap text-center\">\n\t\t\t<a class=\"agent-grid-image d-block\" href=\"https:\/\/kibrisreal.estate\/tr\/index.php\/agent\/robert-shering\/\">\n\t\t\t\t<img decoding=\"async\" width=\"500\" height=\"500\" src=\"https:\/\/kibrisreal.estate\/wp-content\/uploads\/2024\/09\/agent-2.jpg\" class=\"img-fluid wp-post-image\" alt=\"\" \/>\t\t\t\t\n\n\t\t\t\t\t\t\t<\/a>\n\t\t\t<h2 class=\"mt-4 mb-1\"><a href=\"https:\/\/kibrisreal.estate\/tr\/index.php\/agent\/robert-shering\/\">Robert Shering<\/a><\/h2>\n\t\t\t\t\t\t<div class=\"agent-list-position mb-3\" role=\"text\">Company Agent<\/div>\n\t\t\t\t\t<\/header>\n\t\t<div class=\"agent-grid-content-wrap text-center p-3\">\n\t\t\t<ul class=\"agent-list-contact list-unstyled\">\n\t\t\t\t\n\t\t\t\t\t\t\t\t<li class=\"agent-languages-list\">Dil: <strong>English, Spanish<\/strong><\/li>\n\t\t\t\t\t\t\t<\/ul>\n\t\t\t<a class=\"btn btn-primary-outlined w-100\" href=\"https:\/\/kibrisreal.estate\/tr\/index.php\/agent\/robert-shering\/\" role=\"button\">\n\t\t\t\tProfili G\u00f6r\u00fcnt\u00fcle<\/a>\n\t\t<\/div>\n\t<\/div>\n<\/article><article class=\"agent-grid-container\" id=\"156\">\n\t<div class=\"agent-grid-wrap agent-grid-wrap-v2\">\t\n\t\t<header class=\"agent-grid-image-wrap text-center\">\n\t\t\t<a class=\"agent-grid-image d-block\" href=\"https:\/\/kibrisreal.estate\/tr\/index.php\/agent\/brittany-watkins\/\">\n\t\t\t\t<img decoding=\"async\" width=\"780\" height=\"780\" src=\"https:\/\/kibrisreal.estate\/wp-content\/uploads\/2024\/09\/agent-01-780x780.jpg\" class=\"img-fluid wp-post-image\" alt=\"\" srcset=\"https:\/\/kibrisreal.estate\/wp-content\/uploads\/2024\/09\/agent-01-780x780.jpg 780w, https:\/\/kibrisreal.estate\/wp-content\/uploads\/2024\/09\/agent-01.jpg 1000w\" sizes=\"(max-width: 780px) 100vw, 780px\" \/>\t\t\t\t\n\n\t\t\t\t\t\t\t<\/a>\n\t\t\t<h2 class=\"mt-4 mb-1\"><a href=\"https:\/\/kibrisreal.estate\/tr\/index.php\/agent\/brittany-watkins\/\">Brittany Watkins<\/a><\/h2>\n\t\t\t\t\t\t<div class=\"agent-list-position mb-3\" role=\"text\">Company Agent<\/div>\n\t\t\t\t\t<\/header>\n\t\t<div class=\"agent-grid-content-wrap text-center p-3\">\n\t\t\t<ul class=\"agent-list-contact list-unstyled\">\n\t\t\t\t\t\t\t\t<li class=\"agent-listings-count\">\u00d6zellikleri: <strong>10<\/strong><\/li>\n\t\t\t\t\n\t\t\t\t\t\t\t\t<li class=\"agent-languages-list\">Dil: <strong>English, Spanish, French<\/strong><\/li>\n\t\t\t\t\t\t\t<\/ul>\n\t\t\t<a class=\"btn btn-primary-outlined w-100\" href=\"https:\/\/kibrisreal.estate\/tr\/index.php\/agent\/brittany-watkins\/\" role=\"button\">\n\t\t\t\tProfili G\u00f6r\u00fcnt\u00fcle<\/a>\n\t\t<\/div>\n\t<\/div>\n<\/article><article class=\"agent-grid-container\" id=\"19174\">\n\t<div class=\"agent-grid-wrap agent-grid-wrap-v2\">\t\n\t\t<header class=\"agent-grid-image-wrap text-center\">\n\t\t\t<a class=\"agent-grid-image d-block\" href=\"https:\/\/kibrisreal.estate\/tr\/index.php\/agent\/susanne-sherwood\/\">\n\t\t\t\t<img loading=\"lazy\" decoding=\"async\" width=\"350\" height=\"350\" src=\"https:\/\/kibrisreal.estate\/wp-content\/uploads\/2024\/09\/Artboard-2team.jpg\" class=\"img-fluid wp-post-image\" alt=\"\" \/>\t\t\t\t\n\n\t\t\t\t\t\t\t<\/a>\n\t\t\t<h2 class=\"mt-4 mb-1\"><a href=\"https:\/\/kibrisreal.estate\/tr\/index.php\/agent\/susanne-sherwood\/\">Susanne Sherwood<\/a><\/h2>\n\t\t\t\t\t\t<div class=\"agent-list-position mb-3\" role=\"text\">Company Agent<\/div>\n\t\t\t\t\t<\/header>\n\t\t<div class=\"agent-grid-content-wrap text-center p-3\">\n\t\t\t<ul class=\"agent-list-contact list-unstyled\">\n\t\t\t\t\n\t\t\t\t\t\t\t\t<li class=\"agent-languages-list\">Dil: <strong>English, Spanish<\/strong><\/li>\n\t\t\t\t\t\t\t<\/ul>\n\t\t\t<a class=\"btn btn-primary-outlined w-100\" href=\"https:\/\/kibrisreal.estate\/tr\/index.php\/agent\/susanne-sherwood\/\" role=\"button\">\n\t\t\t\tProfili G\u00f6r\u00fcnt\u00fcle<\/a>\n\t\t<\/div>\n\t<\/div>\n<\/article><article class=\"agent-grid-container\" id=\"17365\">\n\t<div class=\"agent-grid-wrap agent-grid-wrap-v2\">\t\n\t\t<header class=\"agent-grid-image-wrap text-center\">\n\t\t\t<a class=\"agent-grid-image d-block\" href=\"https:\/\/kibrisreal.estate\/tr\/index.php\/agent\/mike-moore\/\">\n\t\t\t\t<img loading=\"lazy\" decoding=\"async\" width=\"780\" height=\"780\" src=\"https:\/\/kibrisreal.estate\/wp-content\/uploads\/2024\/09\/Untitled-1-780x780.jpg\" class=\"img-fluid wp-post-image\" alt=\"\" srcset=\"https:\/\/kibrisreal.estate\/wp-content\/uploads\/2024\/09\/Untitled-1-780x780.jpg 780w, https:\/\/kibrisreal.estate\/wp-content\/uploads\/2024\/09\/Untitled-1.jpg 1000w\" sizes=\"(max-width: 780px) 100vw, 780px\" \/>\t\t\t\t\n\n\t\t\t\t\t\t\t<\/a>\n\t\t\t<h2 class=\"mt-4 mb-1\"><a href=\"https:\/\/kibrisreal.estate\/tr\/index.php\/agent\/mike-moore\/\">Mike Moore<\/a><\/h2>\n\t\t\t\t\t\t<div class=\"agent-list-position mb-3\" role=\"text\">Real Estate Agent<\/div>\n\t\t\t\t\t<\/header>\n\t\t<div class=\"agent-grid-content-wrap text-center p-3\">\n\t\t\t<ul class=\"agent-list-contact list-unstyled\">\n\t\t\t\t\t\t\t\t<li class=\"agent-listings-count\">\u00d6zellikleri: <strong>7<\/strong><\/li>\n\t\t\t\t\n\t\t\t\t\t\t\t\t<li class=\"agent-languages-list\">Dil: <strong>English, Spanish, French<\/strong><\/li>\n\t\t\t\t\t\t\t<\/ul>\n\t\t\t<a class=\"btn btn-primary-outlined w-100\" href=\"https:\/\/kibrisreal.estate\/tr\/index.php\/agent\/mike-moore\/\" role=\"button\">\n\t\t\t\tProfili G\u00f6r\u00fcnt\u00fcle<\/a>\n\t\t<\/div>\n\t<\/div>\n<\/article><article class=\"agent-grid-container\" id=\"2794\">\n\t<div class=\"agent-grid-wrap agent-grid-wrap-v2\">\t\n\t\t<header class=\"agent-grid-image-wrap text-center\">\n\t\t\t<a class=\"agent-grid-image d-block\" href=\"https:\/\/kibrisreal.estate\/tr\/index.php\/agent\/samuel-palmer\/\">\n\t\t\t\t<img loading=\"lazy\" decoding=\"async\" width=\"780\" height=\"780\" src=\"https:\/\/kibrisreal.estate\/wp-content\/uploads\/2016\/02\/agent-1-780x780.jpg\" class=\"img-fluid wp-post-image\" alt=\"\" srcset=\"https:\/\/kibrisreal.estate\/wp-content\/uploads\/2016\/02\/agent-1-780x780.jpg 780w, https:\/\/kibrisreal.estate\/wp-content\/uploads\/2016\/02\/agent-1.jpg 800w\" sizes=\"(max-width: 780px) 100vw, 780px\" \/>\t\t\t\t\n\n\t\t\t\t\t\t\t<\/a>\n\t\t\t<h2 class=\"mt-4 mb-1\"><a href=\"https:\/\/kibrisreal.estate\/tr\/index.php\/agent\/samuel-palmer\/\">Caroline Smith<\/a><\/h2>\n\t\t\t\t\t\t<div class=\"agent-list-position mb-3\" role=\"text\">Company Agent<\/div>\n\t\t\t\t\t<\/header>\n\t\t<div class=\"agent-grid-content-wrap text-center p-3\">\n\t\t\t<ul class=\"agent-list-contact list-unstyled\">\n\t\t\t\t\t\t\t\t<li class=\"agent-listings-count\">\u00d6zellikleri: <strong>1<\/strong><\/li>\n\t\t\t\t\n\t\t\t\t\t\t\t\t<li class=\"agent-languages-list\">Dil: <strong>English, Spanish<\/strong><\/li>\n\t\t\t\t\t\t\t<\/ul>\n\t\t\t<a class=\"btn btn-primary-outlined w-100\" href=\"https:\/\/kibrisreal.estate\/tr\/index.php\/agent\/samuel-palmer\/\" role=\"button\">\n\t\t\t\tProfili G\u00f6r\u00fcnt\u00fcle<\/a>\n\t\t<\/div>\n\t<\/div>\n<\/article><article class=\"agent-grid-container\" id=\"158\">\n\t<div class=\"agent-grid-wrap agent-grid-wrap-v2\">\t\n\t\t<header class=\"agent-grid-image-wrap text-center\">\n\t\t\t<a class=\"agent-grid-image d-block\" href=\"https:\/\/kibrisreal.estate\/tr\/index.php\/agent\/michelle-ramirez\/\">\n\t\t\t\t<img loading=\"lazy\" decoding=\"async\" width=\"780\" height=\"780\" src=\"https:\/\/kibrisreal.estate\/wp-content\/uploads\/2024\/09\/agent-05-780x780.jpg\" class=\"img-fluid wp-post-image\" alt=\"\" srcset=\"https:\/\/kibrisreal.estate\/wp-content\/uploads\/2024\/09\/agent-05-780x780.jpg 780w, https:\/\/kibrisreal.estate\/wp-content\/uploads\/2024\/09\/agent-05.jpg 1000w\" sizes=\"(max-width: 780px) 100vw, 780px\" \/>\t\t\t\t\n\n\t\t\t\t\t\t\t<\/a>\n\t\t\t<h2 class=\"mt-4 mb-1\"><a href=\"https:\/\/kibrisreal.estate\/tr\/index.php\/agent\/michelle-ramirez\/\">Michelle Ramirez<\/a><\/h2>\n\t\t\t\t\t\t<div class=\"agent-list-position mb-3\" role=\"text\">Company Agent<\/div>\n\t\t\t\t\t<\/header>\n\t\t<div class=\"agent-grid-content-wrap text-center p-3\">\n\t\t\t<ul class=\"agent-list-contact list-unstyled\">\n\t\t\t\t\t\t\t\t<li class=\"agent-listings-count\">\u00d6zellikleri: <strong>10<\/strong><\/li>\n\t\t\t\t\n\t\t\t\t\t\t\t\t<li class=\"agent-languages-list\">Dil: <strong>English, Spanish, French<\/strong><\/li>\n\t\t\t\t\t\t\t<\/ul>\n\t\t\t<a class=\"btn btn-primary-outlined w-100\" href=\"https:\/\/kibrisreal.estate\/tr\/index.php\/agent\/michelle-ramirez\/\" role=\"button\">\n\t\t\t\tProfili G\u00f6r\u00fcnt\u00fcle<\/a>\n\t\t<\/div>\n\t<\/div>\n<\/article><article class=\"agent-grid-container\" id=\"19173\">\n\t<div class=\"agent-grid-wrap agent-grid-wrap-v2\">\t\n\t\t<header class=\"agent-grid-image-wrap text-center\">\n\t\t\t<a class=\"agent-grid-image d-block\" href=\"https:\/\/kibrisreal.estate\/tr\/index.php\/agent\/john-anderson\/\">\n\t\t\t\t<img loading=\"lazy\" decoding=\"async\" width=\"700\" height=\"700\" src=\"https:\/\/kibrisreal.estate\/wp-content\/uploads\/2024\/09\/agent-3.jpg\" class=\"img-fluid wp-post-image\" alt=\"\" \/>\t\t\t\t\n\n\t\t\t\t\t\t\t<\/a>\n\t\t\t<h2 class=\"mt-4 mb-1\"><a href=\"https:\/\/kibrisreal.estate\/tr\/index.php\/agent\/john-anderson\/\">John Anderson<\/a><\/h2>\n\t\t\t\t\t\t<div class=\"agent-list-position mb-3\" role=\"text\">Company Agent<\/div>\n\t\t\t\t\t<\/header>\n\t\t<div class=\"agent-grid-content-wrap text-center p-3\">\n\t\t\t<ul class=\"agent-list-contact list-unstyled\">\n\t\t\t\t\n\t\t\t\t\t\t\t\t<li class=\"agent-languages-list\">Dil: <strong>English, Spanish<\/strong><\/li>\n\t\t\t\t\t\t\t<\/ul>\n\t\t\t<a class=\"btn btn-primary-outlined w-100\" href=\"https:\/\/kibrisreal.estate\/tr\/index.php\/agent\/john-anderson\/\" role=\"button\">\n\t\t\t\tProfili G\u00f6r\u00fcnt\u00fcle<\/a>\n\t\t<\/div>\n\t<\/div>\n<\/article>        <\/div><!-- agent-module -->\n\n        \n        \t\t\t\t<\/div>\n\t\t\t\t<\/div>\n\t\t\t\t<\/div>\n\t\t\t\t<\/div>\n\t\t\t\t\t<\/div>\n\t\t\t\t<\/div>\n\t\t\t\t<\/div>\n\t\t","protected":false},"excerpt":{"rendered":"<p>Partnerlerimiz Biz sadece bir pertnerler toplulu\u011fu de\u011filiz \u2014 size g\u00fcven veren, bilin\u00e7li ve emin emlak kararlar\u0131 alman\u0131z i\u00e7in yan\u0131n\u0131zda olan g\u00fcvenilir rehberleriz. Y\u0131llara dayanan tecr\u00fcbemizle, her sat\u0131n alma, sat\u0131\u015f veya yat\u0131r\u0131m s\u00fcrecini sorunsuz, stratejik ve stresten uzak hale getirmekte uzman\u0131z. Robert Shering Company Agent Language: English, Spanish View Profile Michelle Ramirez Company Agent Properties: 10 [&hellip;]<\/p>\n","protected":false},"author":1,"featured_media":0,"parent":0,"menu_order":0,"comment_status":"closed","ping_status":"closed","template":"elementor_header_footer","meta":{"_monsterinsights_skip_tracking":false,"_monsterinsights_sitenote_active":false,"_monsterinsights_sitenote_note":"","_monsterinsights_sitenote_category":0,"footnotes":""},"class_list":["post-20117","page","type-page","status-publish","hentry"],"aioseo_notices":[],"_links":{"self":[{"href":"https:\/\/kibrisreal.estate\/tr\/index.php\/wp-json\/wp\/v2\/pages\/20117","targetHints":{"allow":["GET"]}}],"collection":[{"href":"https:\/\/kibrisreal.estate\/tr\/index.php\/wp-json\/wp\/v2\/pages"}],"about":[{"href":"https:\/\/kibrisreal.estate\/tr\/index.php\/wp-json\/wp\/v2\/types\/page"}],"author":[{"embeddable":true,"href":"https:\/\/kibrisreal.estate\/tr\/index.php\/wp-json\/wp\/v2\/users\/1"}],"replies":[{"embeddable":true,"href":"https:\/\/kibrisreal.estate\/tr\/index.php\/wp-json\/wp\/v2\/comments?post=20117"}],"version-history":[{"count":1,"href":"https:\/\/kibrisreal.estate\/tr\/index.php\/wp-json\/wp\/v2\/pages\/20117\/revisions"}],"predecessor-version":[{"id":20118,"href":"https:\/\/kibrisreal.estate\/tr\/index.php\/wp-json\/wp\/v2\/pages\/20117\/revisions\/20118"}],"wp:attachment":[{"href":"https:\/\/kibrisreal.estate\/tr\/index.php\/wp-json\/wp\/v2\/media?parent=20117"}],"curies":[{"name":"wp","href":"https:\/\/api.w.org\/{rel}","templated":true}]}}